{"id":3,"date":"2024-02-07T16:30:34","date_gmt":"2024-02-07T15:30:34","guid":{"rendered":"https:\/\/ludomag.com\/es\/?page_id=3"},"modified":"2024-02-21T10:47:08","modified_gmt":"2024-02-21T09:47:08","slug":"politica-de-confidencialidad","status":"publish","type":"page","link":"https:\/\/ludomag.com\/es\/politica-de-confidencialidad\/","title":{"rendered":"Pol\u00edtica de confidencialidad"},"content":{"rendered":"\n<h2 class=\"wp-block-heading\">\u00bfQui\u00e9nes somos?<\/h2>\n\n\n\n<p>La direcci\u00f3n de nuestro sitio web es: https:\/\/ludomag.com\/es.<\/p>\n\n\n\n<h2 class=\"wp-block-heading\">Comentarios<\/h2>\n\n\n\n<p>Cuando dejas un comentario en nuestro sitio, se recopilan los datos ingresados en el formulario de comentarios, as\u00ed como tu direcci\u00f3n IP y el agente de usuario de tu navegador, para ayudarnos a detectar comentarios no deseados.<\/p>\n\n\n\n<p>Se puede enviar una cadena anonimizada creada a partir de tu direcci\u00f3n de correo electr\u00f3nico (tambi\u00e9n llamada hash) al servicio Gravatar para verificar si est\u00e1s utilizando este \u00faltimo. Las cl\u00e1usulas de privacidad del servicio Gravatar est\u00e1n disponibles aqu\u00ed: https:\/\/automattic.com\/privacy\/. Despu\u00e9s de que se valide tu comentario, tu foto de perfil ser\u00e1 visible p\u00fablicamente junto a tu comentario.<\/p>\n\n\n\n<h2 class=\"wp-block-heading\">Medios<\/h2>\n\n\n\n<p>Si subes im\u00e1genes al sitio, te recomendamos evitar subir im\u00e1genes que contengan datos EXIF de coordenadas GPS. Las personas que visiten tu sitio pueden descargar y extraer datos de ubicaci\u00f3n de estas im\u00e1genes.<\/p>\n\n\n\n<h2 class=\"wp-block-heading\">Cookies<\/h2>\n\n\n\n<p>Si dejas un comentario en nuestro sitio, se te ofrecer\u00e1 guardar tu nombre, direcci\u00f3n de correo electr\u00f3nico y sitio web en cookies. Esto es solo para tu comodidad, para que no tengas que volver a ingresar esta informaci\u00f3n si dejas otro comentario m\u00e1s tarde. Estas cookies caducan despu\u00e9s de un a\u00f1o.<\/p>\n\n\n\n<p>Si visitas la p\u00e1gina de inicio de sesi\u00f3n, se crear\u00e1 una cookie temporal para determinar si tu navegador acepta cookies. No contiene datos personales y se eliminar\u00e1 autom\u00e1ticamente al cerrar tu navegador.<\/p>\n\n\n\n<p>Cuando inicias sesi\u00f3n, estableceremos varias cookies para guardar tu informaci\u00f3n de inicio de sesi\u00f3n y tus opciones de visualizaci\u00f3n. La vida \u00fatil de una cookie de inicio de sesi\u00f3n es de dos d\u00edas, y la de una cookie de opciones de pantalla es de un a\u00f1o. Si marcas \u00ab\u00a0Recordarme\u00a0\u00bb, tu cookie de inicio de sesi\u00f3n se mantendr\u00e1 durante dos semanas. Si cierras la sesi\u00f3n de tu cuenta, se eliminar\u00e1 la cookie de inicio de sesi\u00f3n.<\/p>\n\n\n\n<p>Al editar o publicar una publicaci\u00f3n, se guardar\u00e1 una cookie adicional en tu navegador. Esta cookie no contiene datos personales, simplemente indica el ID de la publicaci\u00f3n que acabas de editar. Expira despu\u00e9s de un d\u00eda.<\/p>\n\n\n\n<h2 class=\"wp-block-heading\">Contenido incrustado de otros sitios web<\/h2>\n\n\n\n<p>Los art\u00edculos de este sitio pueden incluir contenido incrustado (por ejemplo, videos, im\u00e1genes, art\u00edculos, etc.). El contenido incrustado desde otros sitios se comporta de la misma manera que si el visitante visitara ese otro sitio.<\/p>\n\n\n\n<p>Estos sitios web pueden recopilar datos sobre ti, utilizar cookies, incrustar herramientas de seguimiento de terceros y rastrear tus interacciones con dicho contenido incrustado si tienes una cuenta conectada a su sitio web.<\/p>\n\n\n\n<h2 class=\"wp-block-heading\">Uso y transmisi\u00f3n de tus datos personales<\/h2>\n\n\n\n<p>Si solicitas restablecer tu contrase\u00f1a, tu direcci\u00f3n IP se incluir\u00e1 en el correo electr\u00f3nico de restablecimiento.<\/p>\n\n\n\n<h2 class=\"wp-block-heading\">Per\u00edodos de retenci\u00f3n de tus datos<\/h2>\n\n\n\n<p>Si dejas un comentario, el comentario y sus metadatos se conservan indefinidamente. Esto permite reconocer y aprobar autom\u00e1ticamente comentarios posteriores en lugar de mantenerlos en una cola de moderaci\u00f3n.<\/p>\n\n\n\n<p>Para las cuentas que se registran en nuestro sitio (si las hay), tambi\u00e9n almacenamos los datos personales proporcionados en sus perfiles. Todos los usuarios pueden ver, editar o eliminar su informaci\u00f3n personal en cualquier momento (excepto su identificador). Los administradores del sitio tambi\u00e9n pueden ver y modificar esta informaci\u00f3n.<\/p>\n\n\n\n<h2 class=\"wp-block-heading\">Tus derechos sobre tus datos<\/h2>\n\n\n\n<p>Si tienes una cuenta o has dejado comentarios en el sitio, puedes solicitar recibir un archivo con los datos personales que tenemos sobre ti, incluidos los que nos has proporcionado. Tambi\u00e9n puedes solicitar que eliminemos cualquier dato personal que tengamos sobre ti. Esto no incluye los datos que estamos obligados a conservar con fines administrativos, legales o de seguridad.<\/p>\n\n\n\n<h2 class=\"wp-block-heading\">D\u00f3nde se env\u00edan tus datos<\/h2>\n\n\n\n<p>Los comentarios de los visitantes pueden ser revisados \u200b\u200bmediante un servicio automatizado de detecci\u00f3n de comentarios no deseados.<\/p>\n","protected":false},"excerpt":{"rendered":"<p>\u00bfQui\u00e9nes somos? La direcci\u00f3n de nuestro sitio web es: https:\/\/ludomag.com\/es. Comentarios Cuando dejas un comentario en nuestro sitio, se recopilan los datos ingresados en el formulario de comentarios, as\u00ed como tu direcci\u00f3n IP y el agente de usuario de tu navegador, para ayudarnos a detectar comentarios no deseados. Se puede enviar una cadena anonimizada creada [&hellip;]<\/p>\n","protected":false},"author":1,"featured_media":0,"parent":0,"menu_order":0,"comment_status":"closed","ping_status":"closed","template":"","meta":{"footnotes":""},"class_list":["post-3","page","type-page","status-publish"],"aioseo_notices":[],"_links":{"self":[{"href":"https:\/\/ludomag.com\/es\/wp-json\/wp\/v2\/pages\/3","targetHints":{"allow":["GET"]}}],"collection":[{"href":"https:\/\/ludomag.com\/es\/wp-json\/wp\/v2\/pages"}],"about":[{"href":"https:\/\/ludomag.com\/es\/wp-json\/wp\/v2\/types\/page"}],"author":[{"embeddable":true,"href":"https:\/\/ludomag.com\/es\/wp-json\/wp\/v2\/users\/1"}],"replies":[{"embeddable":true,"href":"https:\/\/ludomag.com\/es\/wp-json\/wp\/v2\/comments?post=3"}],"version-history":[{"count":4,"href":"https:\/\/ludomag.com\/es\/wp-json\/wp\/v2\/pages\/3\/revisions"}],"predecessor-version":[{"id":2486,"href":"https:\/\/ludomag.com\/es\/wp-json\/wp\/v2\/pages\/3\/revisions\/2486"}],"wp:attachment":[{"href":"https:\/\/ludomag.com\/es\/wp-json\/wp\/v2\/media?parent=3"}],"curies":[{"name":"wp","href":"https:\/\/api.w.org\/{rel}","templated":true}]}}