{"id":2487,"date":"2024-02-21T10:48:16","date_gmt":"2024-02-21T09:48:16","guid":{"rendered":"https:\/\/ludomag.com\/es\/?page_id=2487"},"modified":"2024-02-21T11:29:28","modified_gmt":"2024-02-21T10:29:28","slug":"aviso-legal","status":"publish","type":"page","link":"https:\/\/ludomag.com\/es\/aviso-legal\/","title":{"rendered":"Aviso legal\u00a0"},"content":{"rendered":"\n<h2 class=\"wp-block-heading\">Actividad<\/h2>\n\n\n\n<p>El sitio Ludomag.com es editado por la sociedad WOOMEET SAS, est\u00e1 sujeto a una declaraci\u00f3n en el Servicio de prensa en l\u00ednea bajo el n\u00famero: CPPAP N\u00b0 0523 W 93101.<\/p>\n\n\n\n<h2 class=\"wp-block-heading\">Identificaci\u00f3n<\/h2>\n\n\n\n<p>Denominaci\u00f3n social o raz\u00f3n social: WOOMEET<br>Direcci\u00f3n de la sede social: 2 Bis A Rue de la Coume d&rsquo;Or -66760 LATOUR DE CAROL<br>N\u00famero de tel\u00e9fono: 05 34 01 53 86<br>Correo electr\u00f3nico: contact@woomeet.com<br>Forma jur\u00eddica de la sociedad: SAS<br>Monto del capital social: 1000 \u20ac<br>Nombre del director: Sr. Eric Fourcaud<\/p>\n\n\n\n<h2 class=\"wp-block-heading\">Proveedor de alojamiento<\/h2>\n\n\n\n<p>OVH www.ovh.com<br>SAS con un capital de 10 069 020 \u20ac<br>RCS Lille M\u00e9tropole 424 761 419 00045<br>C\u00f3digo APE 2620Z N\u00b0 de IVA: FR 22 424 761 419<br>Sede social: 2 rue Kellermann \u2013 59100 Roubaix \u2013 Francia.<\/p>\n\n\n\n<h2 class=\"wp-block-heading\">Avisos sobre el uso de cookies<\/h2>\n\n\n\n<p>Una cookie es un peque\u00f1o archivo inform\u00e1tico, un rastreador. Permite analizar el comportamiento de los usuarios durante la visita a un sitio web, la lectura de un correo electr\u00f3nico, la instalaci\u00f3n o el uso de un software o una aplicaci\u00f3n m\u00f3vil.<\/p>\n\n\n\n<p><a href=\"https:\/\/ludomag.com\/es\/cookie\/\" title=\"\">Obtenga m\u00e1s informaci\u00f3n sobre nuestra pol\u00edtica de uso de cookies.<\/a><\/p>\n\n\n\n<h2 class=\"wp-block-heading\">Avisos sobre el uso de datos personales<\/h2>\n\n\n\n<p><a href=\"https:\/\/ludomag.com\/es\/politica-de-confidencialidad\/\" title=\"\">Obtenga m\u00e1s informaci\u00f3n sobre nuestra pol\u00edtica de protecci\u00f3n de datos personales.<\/a><\/p>\n","protected":false},"excerpt":{"rendered":"<p>Actividad El sitio Ludomag.com es editado por la sociedad WOOMEET SAS, est\u00e1 sujeto a una declaraci\u00f3n en el Servicio de prensa en l\u00ednea bajo el n\u00famero: CPPAP N\u00b0 0523 W 93101. Identificaci\u00f3n Denominaci\u00f3n social o raz\u00f3n social: WOOMEETDirecci\u00f3n de la sede social: 2 Bis A Rue de la Coume d&rsquo;Or -66760 LATOUR DE CAROLN\u00famero de [&hellip;]<\/p>\n","protected":false},"author":1,"featured_media":0,"parent":0,"menu_order":0,"comment_status":"closed","ping_status":"closed","template":"","meta":{"footnotes":""},"class_list":["post-2487","page","type-page","status-publish"],"aioseo_notices":[],"_links":{"self":[{"href":"https:\/\/ludomag.com\/es\/wp-json\/wp\/v2\/pages\/2487","targetHints":{"allow":["GET"]}}],"collection":[{"href":"https:\/\/ludomag.com\/es\/wp-json\/wp\/v2\/pages"}],"about":[{"href":"https:\/\/ludomag.com\/es\/wp-json\/wp\/v2\/types\/page"}],"author":[{"embeddable":true,"href":"https:\/\/ludomag.com\/es\/wp-json\/wp\/v2\/users\/1"}],"replies":[{"embeddable":true,"href":"https:\/\/ludomag.com\/es\/wp-json\/wp\/v2\/comments?post=2487"}],"version-history":[{"count":3,"href":"https:\/\/ludomag.com\/es\/wp-json\/wp\/v2\/pages\/2487\/revisions"}],"predecessor-version":[{"id":2505,"href":"https:\/\/ludomag.com\/es\/wp-json\/wp\/v2\/pages\/2487\/revisions\/2505"}],"wp:attachment":[{"href":"https:\/\/ludomag.com\/es\/wp-json\/wp\/v2\/media?parent=2487"}],"curies":[{"name":"wp","href":"https:\/\/api.w.org\/{rel}","templated":true}]}}