{"id":2469,"date":"2024-02-21T10:16:14","date_gmt":"2024-02-21T09:16:14","guid":{"rendered":"https:\/\/ludomag.com\/es\/?page_id=2469"},"modified":"2024-02-21T10:16:14","modified_gmt":"2024-02-21T09:16:14","slug":"sobre-nosotros","status":"publish","type":"page","link":"https:\/\/ludomag.com\/es\/sobre-nosotros\/","title":{"rendered":"Sobre nosotros"},"content":{"rendered":"\n<p>Ludomag es un medio en l\u00ednea en franc\u00e9s sobre la educaci\u00f3n digital, el uso de tecnolog\u00edas digitales en la formaci\u00f3n y la educaci\u00f3n. Su audiencia y temas de inter\u00e9s incluyen tanto a las instituciones de educaci\u00f3n primaria, secundaria como superior (escuelas y universidades). Creado en 2005, Ludomag existe en formato digital desde 2007.<\/p>\n\n\n\n<p>Junto a las secciones tradicionales (Herramientas y recursos, Noticias breves), las secciones \u00ab\u00a0Actores de la educaci\u00f3n\u00a0\u00bb presentan noticias y acciones dirigidas por las autoridades locales, el Ministerio de Educaci\u00f3n, las Academias, las Universidades y la educaci\u00f3n superior, as\u00ed como los actores de la Edtech a favor del desarrollo digital en la educaci\u00f3n.<\/p>\n\n\n\n<p>\u00ab\u00a0Las nuevas pedagog\u00edas\u00a0\u00bb y las pr\u00e1cticas de los profesores en el aula alimentan nuevas ideas y la implementaci\u00f3n de servicios o tecnolog\u00edas que mejoran el aprendizaje de los estudiantes. Estos comentarios de uso son esenciales para reforzar o estimular las pr\u00e1cticas de los colegas que tambi\u00e9n son nuestros lectores, nada como el intercambio entre pares y una \u00ab\u00a0retroalimentaci\u00f3n\u00a0\u00bb sobre los aspectos positivos o negativos de una plataforma o software utilizado.<\/p>\n\n\n\n<p>Se da un gran espacio a las reflexiones universitarias y a los resultados de la investigaci\u00f3n en la secci\u00f3n \u00ab\u00a0An\u00e1lisis y puntos de vista\u00a0\u00bb, as\u00ed como a las noticias y actividades desarrolladas a nivel internacional, especialmente en la zona de habla francesa o en instituciones franc\u00f3fonas de todo el mundo. La secci\u00f3n \u00ab\u00a0internacional\u00a0\u00bb representa actualmente el 35 % de los lectores. Por lo tanto, cada semana encontrar\u00e1s informaci\u00f3n que nos llega desde B\u00e9lgica, Canad\u00e1, Suiza, Turqu\u00eda, Polinesia, el Magreb, \u2026<\/p>\n\n\n\n<p>El calendario de eventos (conferencias, ferias, universidades de verano, \u2026) se encuentra en \u00ab\u00a0citas tecno-pedag\u00f3gicas\u00a0\u00bb donde nuevas formas de reunirse en l\u00ednea, como los cursos a distancia o los webinars, as\u00ed como los eventos h\u00edbridos, tambi\u00e9n tienen su lugar.<\/p>\n\n\n\n<p>\u00bfCu\u00e1l es nuestra l\u00ednea editorial?<br>Proporcionar informaci\u00f3n pluralista e independiente, lo m\u00e1s exhaustiva posible, abrir debates, ofrecer una nueva perspectiva sobre la actualidad de la educaci\u00f3n digital; los usos, los nuevos productos, las innovaciones, la investigaci\u00f3n, los actores.<\/p>\n\n\n\n<p>Las decisiones que tomamos diariamente en el tratamiento de la informaci\u00f3n son, obviamente, decisiones subjetivas que se basan en individuos, su profesionalismo, su rigor, su honestidad intelectual. Si aprecias este medio, no dudes en compartirlo con tus amigos.<\/p>\n\n\n\n<p>Todos los art\u00edculos, fotos, videos, reportajes, grabaciones de sonido, programas emitidos est\u00e1n sujetos a la ley francesa de propiedad intelectual.<\/p>\n\n\n\n<p>No pueden ser reproducidos en ninguna forma sin la autorizaci\u00f3n escrita del Director de la publicaci\u00f3n.<\/p>\n","protected":false},"excerpt":{"rendered":"<p>Ludomag es un medio en l\u00ednea en franc\u00e9s sobre la educaci\u00f3n digital, el uso de tecnolog\u00edas digitales en la formaci\u00f3n y la educaci\u00f3n. Su audiencia y temas de inter\u00e9s incluyen tanto a las instituciones de educaci\u00f3n primaria, secundaria como superior (escuelas y universidades). Creado en 2005, Ludomag existe en formato digital desde 2007. Junto a [&hellip;]<\/p>\n","protected":false},"author":1,"featured_media":0,"parent":0,"menu_order":0,"comment_status":"closed","ping_status":"closed","template":"","meta":{"footnotes":""},"class_list":["post-2469","page","type-page","status-publish"],"aioseo_notices":[],"_links":{"self":[{"href":"https:\/\/ludomag.com\/es\/wp-json\/wp\/v2\/pages\/2469","targetHints":{"allow":["GET"]}}],"collection":[{"href":"https:\/\/ludomag.com\/es\/wp-json\/wp\/v2\/pages"}],"about":[{"href":"https:\/\/ludomag.com\/es\/wp-json\/wp\/v2\/types\/page"}],"author":[{"embeddable":true,"href":"https:\/\/ludomag.com\/es\/wp-json\/wp\/v2\/users\/1"}],"replies":[{"embeddable":true,"href":"https:\/\/ludomag.com\/es\/wp-json\/wp\/v2\/comments?post=2469"}],"version-history":[{"count":1,"href":"https:\/\/ludomag.com\/es\/wp-json\/wp\/v2\/pages\/2469\/revisions"}],"predecessor-version":[{"id":2470,"href":"https:\/\/ludomag.com\/es\/wp-json\/wp\/v2\/pages\/2469\/revisions\/2470"}],"wp:attachment":[{"href":"https:\/\/ludomag.com\/es\/wp-json\/wp\/v2\/media?parent=2469"}],"curies":[{"name":"wp","href":"https:\/\/api.w.org\/{rel}","templated":true}]}}